{"id":12,"date":"2026-03-10T04:52:05","date_gmt":"2026-03-10T03:52:05","guid":{"rendered":"https:\/\/boutiquesqc.ca\/dev-ia\/?page_id=12"},"modified":"2026-04-23T04:29:17","modified_gmt":"2026-04-23T08:29:17","slug":"accueil","status":"publish","type":"page","link":"https:\/\/boutiquesqc.ca\/dev-ia\/","title":{"rendered":"ACCUEIL"},"content":{"rendered":"\n<div class=\"wp-block-columns is-layout-flex wp-container-core-columns-is-layout-28f84493 wp-block-columns-is-layout-flex\">\n<div class=\"wp-block-column dvia-home-post-container is-layout-flow wp-block-column-is-layout-flow\">\n<session class=\"dvia-home-post\">\n    <div>\n        <img decoding=\"async\" src=\"https:\/\/boutiquesqc.ca\/dev-ia\/wp-content\/uploads\/sites\/3\/2026\/03\/dvia-post-pc-up.png\" class=\"dvia-post-img-up\" alt=\"golden-background\">\n    <\/div>\n<div class=\"dvia-home-post-container\">\n    <div class=\"dvia-home-post-pc\">    \n    <div class=\"dvia-pc-post-info\">\n     <div class=\"dvia-pc-post-info-1\">\n        <div>\n        <h1 id=\"dvia-post-title\" class=\"dvia-title-animated dvia-active-animation dvia-title-animated\"><a href=\"https:\/\/boutiquesqc.ca\/dev-ia\/contact\/\">Conception Web Saint-Hyacinthe<\/a> <\/h1>\n        <h2 class=\"dvia-graphique\">\u00c9dition Graphique<\/h2>\n        <div class=\"dvia-seo-container\">\n        <div class=\"neon\"><a href=\"https:\/\/boutiquesqc.ca\/dev-ia\/contact\/\">\n        <span class=\"text\" data-text=\"SEO\"> SEO<\/span>\n        <span class=\"gradient\"><\/span>\n        <span class=\"dvia-seo-animated dvia-active-animation dvia-seo-animation\"><\/span><\/a>\n      <\/div>\n    <\/div>\n    <\/div>\n     <\/div>\n       <div class=\"dvia-pc-post-info-1-1\"> <img decoding=\"async\" src=\"https:\/\/boutiquesqc.ca\/dev-ia\/wp-content\/uploads\/sites\/3\/2026\/04\/roboto-ia.png\" alt=\"Robot ai\"><\/div>\n     <div class=\"dvia-pc-post-info-2\">\n        <a href=\"https:\/\/boutiquesqc.ca\/dev-ia\/contact\/\">\n        <img decoding=\"async\" src=\"https:\/\/boutiquesqc.ca\/dev-ia\/wp-content\/uploads\/sites\/3\/2026\/03\/dev-ia-golden-logo.png\" alt=\"dvia-logo\" alt=\"golden-background\"><\/a>\n     <\/div>   \n    <\/div>     \n      <\/div><!---pc-->\n    <\/div><!--container-->\n<div> <img decoding=\"async\" src=\"https:\/\/boutiquesqc.ca\/dev-ia\/wp-content\/uploads\/sites\/3\/2026\/03\/dvia-post-pc-down.png\" class=\"dvia-post-img-down\" alt=\"golden-background\"><\/div> \n<\/session>\n<\/div>\n<\/div>\n\n\n\n<div class=\"wp-block-columns is-layout-flex wp-container-core-columns-is-layout-6062ad8f wp-block-columns-is-layout-flex\" style=\"border-width:2px;border-top-left-radius:8px;border-top-right-radius:8px;border-bottom-left-radius:8px;border-bottom-right-radius:8px;margin-top:54px;margin-bottom:38px;padding-top:6px;padding-right:10px;padding-bottom:6px;padding-left:10px\">\n<div class=\"wp-block-column is-layout-flow wp-block-column-is-layout-flow\">\n<p class=\"has-text-color has-link-color wp-elements-8e846fcd26fd9b7db0552fcc1f888364\" style=\"color:#ffa8cb;font-size:clamp(14.642px, 0.915rem + ((1vw - 3.2px) * 0.575), 22px);\">Je fais tout mon possible pour que vos clients vivent une exp\u00e9rience m\u00e9morable lorsqu\u2019ils visitent votre site Web, et pour que chaque achat soit simple, fluide et agr\u00e9able.<\/p>\n\n\n\n<p class=\"has-palette-color-5-color has-text-color has-link-color wp-elements-77e20abd4c9fc4cd48dc1d37a3620202\" style=\"font-size:clamp(14px, 0.875rem + ((1vw - 3.2px) * 0.469), 20px);\">Des sites Web professionnels adapt\u00e9s \u00e0 tous les appareils. Con\u00e7us pour soutenir votre croissance, avec un investissement ma\u00eetris\u00e9. Je transforme vos id\u00e9es en une pr\u00e9sence en ligne percutante, performante et enti\u00e8rement adapt\u00e9e \u00e0 vos besoins. Je cr\u00e9e votre site et je vous montre, pas \u00e0 pas et en termes simples, comment le g\u00e9rer en toute autonomie \u2014 sans comp\u00e9tences techniques.<\/p>\n<\/div>\n<\/div>\n\n\n\n<div class=\"wp-block-columns is-layout-flex wp-container-core-columns-is-layout-e2e3f7e2 wp-block-columns-is-layout-flex\" style=\"padding-top:8px;padding-right:10px;padding-bottom:8px;padding-left:10px\">\n<div class=\"wp-block-column is-vertically-aligned-center is-layout-flow wp-block-column-is-layout-flow\">\n<h2 class=\"wp-block-heading has-text-color has-link-color wp-elements-06f99f5d852a2a5c33568606d31fb18e\" style=\"color:#de5c00;font-size:clamp(14.642px, 0.915rem + ((1vw - 3.2px) * 0.575), 22px);\">Gr\u00e2ce \u00e0 des strat\u00e9gies SEO avanc\u00e9es, je puex maximisser la visibilit\u00e9 de votre entreprise pour attirer plus de trafic et augmenter vos ventes.<\/h2>\n\n\n\n<figure class=\"wp-block-image aligncenter size-full easystylesuite-sm-img-scale\" style=\"margin-top:30px;margin-bottom:30px\"><img decoding=\"async\" width=\"200\" height=\"197\" src=\"https:\/\/boutiquesqc.ca\/dev-ia\/wp-content\/uploads\/sites\/3\/2026\/03\/Calidad.png\" alt=\"Site Web de Qualit\u00e9\" class=\"wp-image-215\"\/><\/figure>\n\n\n\n<div class=\"wp-block-buttons dvia-home-plus-btn is-content-justification-center is-layout-flex wp-container-core-buttons-is-layout-a89b3969 wp-block-buttons-is-layout-flex\">\n<div class=\"wp-block-button\"><a class=\"wp-block-button__link has-luminous-vivid-orange-background-color has-background has-text-align-center wp-element-button\" href=\"https:\/\/boutiquesqc.ca\/dev-ia\/contact\/\">EN SAVOIR PLUS<\/a><\/div>\n<\/div>\n<\/div>\n\n\n\n<div class=\"wp-block-column is-layout-flow wp-block-column-is-layout-flow\">\n<figure class=\"wp-block-image aligncenter size-full is-resized\"><img decoding=\"async\" width=\"615\" height=\"800\" src=\"https:\/\/boutiquesqc.ca\/dev-ia\/wp-content\/uploads\/sites\/3\/2026\/03\/concepteurs-web-saint-hyacinthe.png\" alt=\"concepteurs-web-saint-hyacinthe\" class=\"wp-image-214\" style=\"aspect-ratio:0.7687638580931264;width:269px;height:auto\" srcset=\"https:\/\/boutiquesqc.ca\/dev-ia\/wp-content\/uploads\/sites\/3\/2026\/03\/concepteurs-web-saint-hyacinthe.png 615w, https:\/\/boutiquesqc.ca\/dev-ia\/wp-content\/uploads\/sites\/3\/2026\/03\/concepteurs-web-saint-hyacinthe-231x300.png 231w\" sizes=\"(max-width: 615px) 100vw, 615px\" \/><\/figure>\n<\/div>\n<\/div>\n\n\n\n<div class=\"wp-block-columns is-layout-flex wp-container-core-columns-is-layout-f2882fa3 wp-block-columns-is-layout-flex\" style=\"margin-top:54px;margin-bottom:54px;padding-top:60px;padding-bottom:60px\">\n<div class=\"wp-block-column dvia-preferences easystylesuite-sm-up has-background is-layout-flow wp-block-column-is-layout-flow\" style=\"border-top-left-radius:10px;border-top-right-radius:10px;border-bottom-left-radius:10px;border-bottom-right-radius:10px;background-color:#848484;padding-top:0px;padding-bottom:0px\">\n<figure class=\"wp-block-image aligncenter size-full is-resized has-custom-border\" style=\"margin-top:16px;margin-right:12px;margin-bottom:10px;margin-left:12px\"><img decoding=\"async\" width=\"300\" height=\"300\" src=\"https:\/\/boutiquesqc.ca\/dev-ia\/wp-content\/uploads\/sites\/3\/2026\/03\/statistiques-de-croissance.jpg\" alt=\"Statistiques de croissance\" class=\"wp-image-338\" style=\"border-top-left-radius:6px;border-top-right-radius:6px;border-bottom-left-radius:6px;border-bottom-right-radius:6px;width:236px\" srcset=\"https:\/\/boutiquesqc.ca\/dev-ia\/wp-content\/uploads\/sites\/3\/2026\/03\/statistiques-de-croissance.jpg 300w, https:\/\/boutiquesqc.ca\/dev-ia\/wp-content\/uploads\/sites\/3\/2026\/03\/statistiques-de-croissance-150x150.jpg 150w\" sizes=\"(max-width: 300px) 100vw, 300px\" \/><\/figure>\n\n\n\n<h3 class=\"wp-block-heading has-text-align-center has-text-color has-link-color wp-elements-31305d429b65e41ce2f924b46f328a52\" style=\"color:#21c4c1\"><strong>EFFICACIT\u00c9<\/strong><\/h3>\n\n\n\n<p class=\"has-white-color has-text-color has-link-color wp-elements-775624586cdaaa806c83ab51efac8b56\" style=\"padding-top:8px;padding-right:10px;padding-bottom:8px;padding-left:10px\">&nbsp;En offrant des solutions sur mesure pour atteindre vos objectifs commerciaux et am\u00e9liorer votre visibilit\u00e9 avec un haut niveau d\u2019efficacit\u00e9.<\/p>\n<\/div>\n\n\n\n<div class=\"wp-block-column dvia-preferences dvia-pref-2 has-background is-layout-flow wp-block-column-is-layout-flow\" style=\"border-style:none;border-width:0px;border-top-left-radius:10px;border-top-right-radius:10px;border-bottom-left-radius:10px;border-bottom-right-radius:10px;background-color:#848484\">\n<figure class=\"wp-block-image aligncenter size-full is-resized has-custom-border easystylesuite-sm-img-scale\" style=\"margin-top:16px;margin-right:12px;margin-bottom:10px;margin-left:12px\"><img decoding=\"async\" width=\"298\" height=\"300\" src=\"https:\/\/boutiquesqc.ca\/dev-ia\/wp-content\/uploads\/sites\/3\/2026\/03\/des-designs-attrayants.png\" alt=\"Des designs attrayants\" class=\"wp-image-337\" style=\"border-top-left-radius:6px;border-top-right-radius:6px;border-bottom-left-radius:6px;border-bottom-right-radius:6px;width:236px\" srcset=\"https:\/\/boutiquesqc.ca\/dev-ia\/wp-content\/uploads\/sites\/3\/2026\/03\/des-designs-attrayants.png 298w, https:\/\/boutiquesqc.ca\/dev-ia\/wp-content\/uploads\/sites\/3\/2026\/03\/des-designs-attrayants-150x150.png 150w\" sizes=\"(max-width: 298px) 100vw, 298px\" \/><\/figure>\n\n\n\n<h3 class=\"wp-block-heading has-text-align-center has-text-color has-link-color wp-elements-c42a738bf05bcbba668f180468aaf759\" style=\"color:#21c4c1\"><strong><strong>\u00c9L\u00c9GANCE<\/strong><\/strong><\/h3>\n\n\n\n<p class=\"has-white-color has-text-color has-link-color wp-elements-a7f4c700e057d1e96bdbe903277a6fd3\" style=\"padding-top:8px;padding-right:10px;padding-bottom:8px;padding-left:10px\">Je m\u2019adapte \u00e0 votre propre style pour donner \u00e0 votre site sa propre touche d\u2019\u00e9l\u00e9gance, de go\u00fbt et de distinction. On fait en sorte que les clients vivent une exp\u00e9rience agr\u00e9able lorsqu\u2019ils visitent votre page.<\/p>\n<\/div>\n\n\n\n<div class=\"wp-block-column dvia-preferences easystylesuite-sm-up has-background is-layout-flow wp-block-column-is-layout-flow\" style=\"border-style:none;border-width:0px;border-top-left-radius:10px;border-top-right-radius:10px;border-bottom-left-radius:10px;border-bottom-right-radius:10px;background-color:#848484\">\n<figure class=\"wp-block-image aligncenter size-full is-resized has-custom-border\" style=\"margin-top:16px;margin-right:12px;margin-bottom:10px;margin-left:12px\"><img decoding=\"async\" width=\"300\" height=\"300\" src=\"https:\/\/boutiquesqc.ca\/dev-ia\/wp-content\/uploads\/sites\/3\/2026\/03\/intelligence-artificielle.jpg\" alt=\"Intelligence artificielle\" class=\"wp-image-339\" style=\"border-top-left-radius:6px;border-top-right-radius:6px;border-bottom-left-radius:6px;border-bottom-right-radius:6px;width:236px;height:auto\" srcset=\"https:\/\/boutiquesqc.ca\/dev-ia\/wp-content\/uploads\/sites\/3\/2026\/03\/intelligence-artificielle.jpg 300w, https:\/\/boutiquesqc.ca\/dev-ia\/wp-content\/uploads\/sites\/3\/2026\/03\/intelligence-artificielle-150x150.jpg 150w\" sizes=\"(max-width: 300px) 100vw, 300px\" \/><\/figure>\n\n\n\n<h3 class=\"wp-block-heading has-text-align-center has-text-color has-link-color wp-elements-2ba8e8f14ad00e4781ecb8f3553c8131\" style=\"color:#21c4c1\"><strong><strong><strong>RAPIDIT\u00c9<\/strong><\/strong><\/strong><\/h3>\n\n\n\n<p class=\"has-white-color has-text-color has-link-color wp-elements-fc5fd3e55e1c22d502f520064ebf0ed9\" style=\"padding-top:8px;padding-right:10px;padding-bottom:8px;padding-left:10px\">Mes techniques de d\u00e9veloppement web, design et programmation sont orient\u00e9es \u00e0 cr\u00e9er des sites qui chargent tr\u00e8s rapidement, ce qui permet au client de gagner du temps et se rendre \u00e0 votre magasine dans les premi\u00e8res secondes de la visite.<\/p>\n<\/div>\n<\/div>\n\n\n\n<div class=\"wp-block-columns dvia-home-info-2 is-layout-flex wp-container-core-columns-is-layout-f3516afe wp-block-columns-is-layout-flex\" style=\"margin-top:35px;margin-bottom:35px;padding-top:6px;padding-right:10px;padding-bottom:6px;padding-left:10px\">\n<div class=\"wp-block-column is-layout-flow wp-block-column-is-layout-flow\">\n<p class=\"has-palette-color-5-color has-text-color has-link-color wp-elements-c548bae8679e5e5478d8f0c07496e62e\">Votre satisfaction est ma priorit\u00e9. Partagez avec moi vos id\u00e9es et vos doutes en toute confiance. Ensemble, on peut \u00e9clairer les points confus&nbsp; et&nbsp; faire avancer votre projet.<\/p>\n\n\n\n<p class=\"has-palette-color-5-color has-text-color has-link-color wp-elements-2b0c8637cad428b60710b89625072ec0\">Des sites internet \u00e0 Saint-Hyacinthe et les environs, je vous offre un service complet et personnalis\u00e9 pour r\u00e9pondre \u00e0 vos besoins sp\u00e9cifiques.<\/p>\n\n\n\n<p class=\"has-palette-color-5-color has-text-color has-link-color wp-elements-c31dd4f6d65278ad8d5edc3a87edce55\">Je suis especialis\u00e9 ausi dans l\u2019\u00e9dition de vid\u00e9os, dans l\u2019\u00e9ditions des images et dans la publicit\u00e9 sur les r\u00e9seaux sociaux. Garantissant un placement sur le moteur de recherche le plus utilis\u00e9s. Tout cela, dans un seul endroit, pour simplifier votre exp\u00e9rience et maximiser vos r\u00e9sultats.<\/p>\n<\/div>\n<\/div>\n\n\n\n<p class=\"has-text-align-center dvia-temoins has-palette-color-4-color has-text-color has-link-color wp-elements-6b82ed705dd8606fe6703cfbdb77fc11\" style=\"padding-top:6px;padding-right:10px;padding-bottom:6px;padding-left:10px;font-size:clamp(24.034px, 1.502rem + ((1vw - 3.2px) * 1.247), 40px);\"><strong>T\u00e9moignages de clients satisfaits<\/strong><\/p>\n\n\n\n<p class=\"has-text-align-right dvia-home-contact-txt has-text-color has-link-color wp-elements-8d095ff6a7dd5631b6565f536bcf9baa\" style=\"color:#05fae5;padding-top:20px;padding-right:10px;padding-bottom:20px;padding-left:10px\"><a href=\"https:\/\/boutiquesqc.ca\/dev-ia\/contact\/\" data-type=\"page\" data-id=\"9\" target=\"_blank\" rel=\"noreferrer noopener\"><strong>CONTACT<\/strong><\/a><\/p>\n\n\n\n<div class=\"wp-block-columns is-layout-flex wp-container-core-columns-is-layout-28f84493 wp-block-columns-is-layout-flex\">\n<div class=\"wp-block-column is-layout-flow wp-block-column-is-layout-flow\">\n<p class=\"has-text-align-center dvia-temoins has-white-color has-text-color has-link-color wp-elements-cae6a01d558557ecb83b5ad94e42d637\">Aqui pongo los comentarions<\/p>\n<\/div>\n<\/div>\n\n\n\n<p class=\"has-text-align-center dvia-projects has-text-color has-link-color wp-elements-9bab3c579d03b370782c8528e62bf656\" style=\"color:#afafaf;margin-top:10px;margin-bottom:60px;font-size:clamp(18.959px, 1.185rem + ((1vw - 3.2px) * 0.863), 30px);\"><em><strong>Certains de mes projets<\/strong><\/em><\/p>\n\n\n\n<div class=\"wp-block-columns is-layout-flex wp-container-core-columns-is-layout-081108cc wp-block-columns-is-layout-flex\" style=\"margin-top:118px\">\n<div class=\"wp-block-column is-layout-flow wp-block-column-is-layout-flow\">\n<figure class=\"wp-block-image aligncenter size-full is-resized dvia-ladouceurdesmots\" style=\"margin-bottom:90px\"><a href=\"https:\/\/www.ladouceurdesmots.ca\/\"><img decoding=\"async\" width=\"680\" height=\"430\" src=\"https:\/\/boutiquesqc.ca\/dev-ia\/wp-content\/uploads\/sites\/3\/2026\/03\/la-douceur-des-mots.png\" alt=\"cliente\" class=\"wp-image-237\" style=\"aspect-ratio:1.5814548556110637;width:275px;height:auto\" srcset=\"https:\/\/boutiquesqc.ca\/dev-ia\/wp-content\/uploads\/sites\/3\/2026\/03\/la-douceur-des-mots.png 680w, https:\/\/boutiquesqc.ca\/dev-ia\/wp-content\/uploads\/sites\/3\/2026\/03\/la-douceur-des-mots-300x190.png 300w\" sizes=\"(max-width: 680px) 100vw, 680px\" \/><\/a><\/figure>\n<\/div>\n\n\n\n<div class=\"wp-block-column is-layout-flow wp-block-column-is-layout-flow\">\n<figure class=\"wp-block-image aligncenter size-full is-resized dvia-afrocubain\" style=\"margin-bottom:90px\"><img decoding=\"async\" width=\"800\" height=\"483\" src=\"https:\/\/boutiquesqc.ca\/dev-ia\/wp-content\/uploads\/sites\/3\/2026\/03\/afrocubain-drummondville-pc.png\" alt=\"cliente\" class=\"wp-image-239\" style=\"aspect-ratio:1.6563297600816744;width:277px;height:auto\" srcset=\"https:\/\/boutiquesqc.ca\/dev-ia\/wp-content\/uploads\/sites\/3\/2026\/03\/afrocubain-drummondville-pc.png 800w, https:\/\/boutiquesqc.ca\/dev-ia\/wp-content\/uploads\/sites\/3\/2026\/03\/afrocubain-drummondville-pc-300x181.png 300w, https:\/\/boutiquesqc.ca\/dev-ia\/wp-content\/uploads\/sites\/3\/2026\/03\/afrocubain-drummondville-pc-768x464.png 768w\" sizes=\"(max-width: 800px) 100vw, 800px\" \/><\/figure>\n<\/div>\n<\/div>\n\n\n\n<div class=\"wp-block-columns is-layout-flex wp-container-core-columns-is-layout-edc8aeaa wp-block-columns-is-layout-flex\" style=\"margin-top:60px;margin-bottom:60px\">\n<div class=\"wp-block-column is-layout-flow wp-block-column-is-layout-flow\">\n<figure class=\"wp-block-image aligncenter size-full is-resized dvia-autolien\" style=\"margin-top:0px;margin-right:var(--wp--preset--spacing--30);margin-bottom:0px;margin-left:var(--wp--preset--spacing--30)\"><a href=\"https:\/\/boutiquesqc.ca\/dev-ia\/\"><img decoding=\"async\" width=\"680\" height=\"430\" src=\"https:\/\/boutiquesqc.ca\/dev-ia\/wp-content\/uploads\/sites\/3\/2026\/03\/dev-ia-responsive.png\" alt=\"dev-ia-responsive\" class=\"wp-image-236\" style=\"aspect-ratio:1.5815681902638425;width:264px;height:auto\" srcset=\"https:\/\/boutiquesqc.ca\/dev-ia\/wp-content\/uploads\/sites\/3\/2026\/03\/dev-ia-responsive.png 680w, https:\/\/boutiquesqc.ca\/dev-ia\/wp-content\/uploads\/sites\/3\/2026\/03\/dev-ia-responsive-300x190.png 300w\" sizes=\"(max-width: 680px) 100vw, 680px\" \/><\/a><\/figure>\n\n\n\n<figure class=\"wp-block-image aligncenter size-full is-resized dvia-yerimaayo\" style=\"margin-top:66px;margin-bottom:66px\"><a href=\"https:\/\/boutiquesqc.ca\/yerimaayo\/accueil\/\"><img decoding=\"async\" width=\"800\" height=\"480\" src=\"https:\/\/boutiquesqc.ca\/dev-ia\/wp-content\/uploads\/sites\/3\/2026\/03\/yeri-maayo-drummondville-portable.png\" alt=\"cliente\" class=\"wp-image-240\" style=\"width:385px;height:auto\" srcset=\"https:\/\/boutiquesqc.ca\/dev-ia\/wp-content\/uploads\/sites\/3\/2026\/03\/yeri-maayo-drummondville-portable.png 800w, https:\/\/boutiquesqc.ca\/dev-ia\/wp-content\/uploads\/sites\/3\/2026\/03\/yeri-maayo-drummondville-portable-300x180.png 300w, https:\/\/boutiquesqc.ca\/dev-ia\/wp-content\/uploads\/sites\/3\/2026\/03\/yeri-maayo-drummondville-portable-768x461.png 768w\" sizes=\"(max-width: 800px) 100vw, 800px\" \/><\/a><\/figure>\n<\/div>\n<\/div>\n\n\n\n<p class=\"has-text-align-center has-text-color has-link-color wp-elements-6f3b9ff1926f9f527bc78ae5eaf10162\" style=\"color:#f79854;padding-top:8px;padding-right:12px;padding-bottom:8px;padding-left:12px\">Pour plus d\u2019information cliquez&nbsp;<a href=\"https:\/\/boutiquesqc.ca\/dev-ia\/contact\/\">ici<\/a><\/p>\n","protected":false},"excerpt":{"rendered":"<p>Conception Web Saint-Hyacinthe \u00c9dition Graphique SEO Je fais tout mon possible pour que vos clients vivent une exp\u00e9rience m\u00e9morable lorsqu\u2019ils visitent votre site Web, et pour que chaque achat soit simple, fluide et agr\u00e9able. Des sites Web professionnels adapt\u00e9s \u00e0 tous les appareils. Con\u00e7us pour soutenir votre croissance, avec un investissement ma\u00eetris\u00e9. Je transforme vos [&hellip;]<\/p>\n","protected":false},"author":1,"featured_media":0,"parent":0,"menu_order":0,"comment_status":"closed","ping_status":"closed","template":"","meta":{"footnotes":""},"class_list":["post-12","page","type-page","status-publish","hentry"],"blocksy_meta":[],"_links":{"self":[{"href":"https:\/\/boutiquesqc.ca\/dev-ia\/wp-json\/wp\/v2\/pages\/12","targetHints":{"allow":["GET"]}}],"collection":[{"href":"https:\/\/boutiquesqc.ca\/dev-ia\/wp-json\/wp\/v2\/pages"}],"about":[{"href":"https:\/\/boutiquesqc.ca\/dev-ia\/wp-json\/wp\/v2\/types\/page"}],"author":[{"embeddable":true,"href":"https:\/\/boutiquesqc.ca\/dev-ia\/wp-json\/wp\/v2\/users\/1"}],"replies":[{"embeddable":true,"href":"https:\/\/boutiquesqc.ca\/dev-ia\/wp-json\/wp\/v2\/comments?post=12"}],"version-history":[{"count":3,"href":"https:\/\/boutiquesqc.ca\/dev-ia\/wp-json\/wp\/v2\/pages\/12\/revisions"}],"predecessor-version":[{"id":833,"href":"https:\/\/boutiquesqc.ca\/dev-ia\/wp-json\/wp\/v2\/pages\/12\/revisions\/833"}],"wp:attachment":[{"href":"https:\/\/boutiquesqc.ca\/dev-ia\/wp-json\/wp\/v2\/media?parent=12"}],"curies":[{"name":"wp","href":"https:\/\/api.w.org\/{rel}","templated":true}]}}