{"id":18,"date":"2026-03-10T04:54:35","date_gmt":"2026-03-10T03:54:35","guid":{"rendered":"https:\/\/boutiquesqc.ca\/dev-ia\/?page_id=18"},"modified":"2026-03-11T11:44:42","modified_gmt":"2026-03-11T15:44:42","slug":"utilisation","status":"publish","type":"page","link":"https:\/\/boutiquesqc.ca\/dev-ia\/utilisation\/","title":{"rendered":"UTILISATION"},"content":{"rendered":"\n<p>Conditions d\u2019utilisation<\/p>\n\n\n\n<p>Nous utilisons le masculin comme g\u00e9n\u00e9rique afin de faciliter la lecture. Nous veillons au respect des droits \u00e0 la vie priv\u00e9e et \u00e0 la s\u00e9curit\u00e9 de nos clients.<\/p>\n\n\n\n<p>Vous ne pouvez pas utiliser ce site \u00e0 des propos ill\u00e9gaux.<\/p>\n\n\n\n<p>Toute action susceptible de porter atteinte \u00e0 la r\u00e9putation de ce site, de ses ressources mat\u00e9rielles, de ses travailleurs ou associ\u00e9s, de quelque mani\u00e8re que ce soit, pourrait encourir \u00e0 de graves sanctions judiciaires.<\/p>\n\n\n\n<p>dev-ia.com<\/p>\n\n\n\n<p>Ce site Web a \u00e9t\u00e9 cr\u00e9\u00e9 pour offrir des services de cr\u00e9ation de sites Web, d\u2019\u00e9dition d\u2019images et de montage de courtes vid\u00e9os, la maintenance et tout autre service li\u00e9 \u00e0 la conception de sites Web.<\/p>\n\n\n\n<p>M\u00e9dias<\/p>\n\n\n\n<p>Lors de l\u2019achat d\u2019un de nos produits ou services, nous veillons \u00e0 valider toutes les sources de ressources num\u00e9riques (images, vid\u00e9os, audio, texte, etc.), malheureusement le march\u00e9 num\u00e9rique est soumis \u00e0 des changements qui \u00e9voluent constamment. Il est donc de la responsabilit\u00e9 du client en tant que consommateur final de s\u2019informer et de se tenir au courant des droits d\u2019utilisation, DEV-IA n\u2019est pas responsable des dommages ou r\u00e9clamations de tiers dus \u00e0 l\u2019utilisation de ces ressources.<\/p>\n\n\n\n<p>Droit d\u2019auteur<\/p>\n\n\n\n<p>Tous les droits d\u2019auteur et marques commerciales acquis par DEV-IA dans les conditions l\u00e9gales ou par acquisition de licence sont utilis\u00e9s de toute mani\u00e8re comme permis par la loi. Lorsque vous payez pour un produit chez DEV-IA, vous obtenez les droits d\u2019utilisation, mais non pas sur la propri\u00e9t\u00e9 intellectuelle des cr\u00e9ations ou des ressources.<br>Aucun contenu sur ce site ne peut \u00eatre t\u00e9l\u00e9charg\u00e9, copi\u00e9, reproduit, transmis, stock\u00e9, vendu ou distribu\u00e9 sans le consentement \u00e9crit pr\u00e9alable du d\u00e9tenteur des droits d\u2019auteur.<\/p>\n\n\n\n<p>Projet Web<\/p>\n\n\n\n<p>Une fois le projet lanc\u00e9, le client s\u2019engage \u00e0 fournir, dans un d\u00e9lai maximum de 15 jours, l\u2019ensemble des informations n\u00e9cessaires : noms et inventaire des produits, prix, codes (nous pouvons les g\u00e9n\u00e9rer si besoin), textes, images et tout autre mat\u00e9riel li\u00e9 au projet. Pass\u00e9 ce d\u00e9lai, du contenu g\u00e9n\u00e9rique ou symbolique pourra \u00eatre publi\u00e9, et il sera de la responsabilit\u00e9 du client de proc\u00e9der ult\u00e9rieurement aux corrections et remplacements.<\/p>\n\n\n\n<p>\u00c0 la livraison du site, le client dispose de 30 jours pour v\u00e9rifier le r\u00e9sultat final et demander, si n\u00e9cessaire, des ajustements. Apr\u00e8s ce d\u00e9lai, l\u2019acceptation sera consid\u00e9r\u00e9e comme d\u00e9finitive et aucune r\u00e9clamation ne pourra \u00eatre formul\u00e9e.<\/p>\n\n\n\n<p>Le prix du projet est fix\u00e9 d\u2019un commun accord selon la complexit\u00e9 du site, et la modalit\u00e9 de paiement (en une seule fois ou par versements \u00e9chelonn\u00e9s) est convenue entre les parties. Toutefois, certains services compl\u00e9mentaires tels que l\u2019h\u00e9bergement, les th\u00e8mes, les extensions, l\u2019antivirus ou le maintien annuel peuvent n\u00e9cessiter des frais r\u00e9currents, qui devront \u00eatre pr\u00e9cis\u00e9s avant le d\u00e9marrage du projet.<\/p>\n\n\n\n<p>Une formation de base est incluse afin de permettre au client de g\u00e9rer et de maintenir son site en toute autonomie. Toutefois, s\u2019il choisit d\u2019administrer seul son site, il assume l\u2019enti\u00e8re responsabilit\u00e9 des \u00e9ventuels dysfonctionnements ou dommages caus\u00e9s par une erreur humaine ou par des donn\u00e9es incorrectement saisies.<\/p>\n\n\n\n<p>Exclusions de non-responsabilit\u00e9 et limitation de responsabilit\u00e9.<\/p>\n\n\n\n<p>Nous prenons un certain nombre de mesures pour garantir la meilleure exp\u00e9rience client lors de la navigation sur ce site. Mais nous ne pouvons pas garantir que le client ait fait de m\u00eame. Il est \u00e0 votre propre discr\u00e9tion de suivre les proc\u00e9dures de s\u00e9curit\u00e9 impliqu\u00e9es dans la navigation sur Internet, telles que l\u2019utilisation d\u2019un antivirus, la prudence lors de la saisie de chaque page, le chargement et le t\u00e9l\u00e9chargement de tout mat\u00e9riel num\u00e9rique. Par cons\u00e9quent, dev-ia.com n\u2019est pas responsable d\u2019aucun type de dommage caus\u00e9 par les risques li\u00e9s \u00e0 l\u2019utilisation de ce site ou le r\u00e9seau d\u2019internet.<\/p>\n\n\n\n<p>Nos mesures de s\u00e9curit\u00e9 et de rendement mises en \u0153uvre sont conformes aux normes WordPress, malgr\u00e9 toutes le mesures de s\u00e9curit\u00e9 appliqu\u00e9 dans un site web, il y toujours des personnes mal intentionn\u00e9es que cherchent \u00e0 chaque jour des nouvelles strat\u00e9gies ultra-avanc\u00e9es avec des outils exceptionnels pour compromettre un site Web, d\u2019habitudes, des \u00e9v\u00e8nements extraordinaire comme \u00e7a arrivent sur des sites avec un profil tr\u00e8s \u00e9lev\u00e9s des profits. Mais on ne peut pas garantir que votre site soit 100% prot\u00e9g\u00e9 de ces intrus. Par cons\u00e9quent, face \u00e0 une situation d\u2019une telle ampleur, le d\u00e9veloppeur du site web s\u2019engage \u00e0 rechercher toutes les solutions possibles, en collaboration avec le client et ses partenaires. Cependant, il ne peut assumer les co\u00fbts \u00e9lev\u00e9s qui pourraient en r\u00e9sulter, comme le paiement d\u2019une r\u00e9compense pour le piratage du site Web, perte de donn\u00e9es caus\u00e9e par une catastrophe naturelle ou d\u2019autres situations de cette ampleur.<\/p>\n\n\n\n<p>Acompte et garantie de remboursement<\/p>\n\n\n\n<p>Au d\u00e9but de tout projet de cr\u00e9ation de sites web ou d\u2019une autre activit\u00e9 connexe, un acompte minimum de 500 dollars canadiens est exig\u00e9. Cet acompte permet de r\u00e9server le temps et les ressources n\u00e9cessaires \u00e0 la bonne r\u00e9alisation du projet. Le client b\u00e9n\u00e9ficie d\u2019une garantie de remboursement \u00e0 100 % de cette somme s\u2019il d\u00e9cide d\u2019abandonner le projet dans un d\u00e9lai de 30 jours suivant la date de paiement.<\/p>\n\n\n\n<p>Toutefois, cette garantie devient nulle si le client participe activement \u00e0 certaines \u00e9tapes techniques, telles que l\u2019achat du nom de domaine, la souscription \u00e0 un plan d\u2019h\u00e9bergement ou toute autre activit\u00e9 directement li\u00e9e \u00e0 la r\u00e9alisation du site. Dans ces cas, la prestation est consid\u00e9r\u00e9e comme entam\u00e9e de mani\u00e8re concr\u00e8te, voire assimilable \u00e0 une initiation au processus de cr\u00e9ation, ce qui exclut toute demande de remboursement.<\/p>\n\n\n\n<p>Utilisation des extensions<\/p>\n\n\n\n<p>En utilisant nos extensions, vous acceptez de le faire de mani\u00e8re responsable. Il vous appartient de v\u00e9rifier l\u2019origine et la fiabilit\u00e9 des ressources que vous utilisez (images, captures d\u2019\u00e9cran, acc\u00e8s, etc.).<\/p>\n\n\n\n<p>Nous d\u00e9clinons toute responsabilit\u00e9 en cas de mauvaise utilisation, d\u2019erreurs humaines ou de faille caus\u00e9e par des \u00e9l\u00e9ments ext\u00e9rieurs.<\/p>\n\n\n\n<p>Nos extensions ont \u00e9t\u00e9 cr\u00e9\u00e9es en respectant les normes de performance et de s\u00e9curit\u00e9 de WordPress (utilisation de slugs et de pr\u00e9fixes uniques, classes, namespaces et assainissement des donn\u00e9es).<\/p>\n\n\n\n<p>Si vous rencontrez des difficult\u00e9s avec votre site, assurez-vous que le probl\u00e8me est apparu apr\u00e8s l\u2019installation d\u2019un nouveau th\u00e8me ou d\u2019une nouvelle extension. Dans ce cas, d\u00e9sinstallez-le et v\u00e9rifiez \u00e0 nouveau. Si le probl\u00e8me dispara\u00eet mais que cette configuration vous est indispensable, essayez avec une extension similaire.<\/p>\n\n\n\n<p>Si le probl\u00e8me persiste, suivez les \u00e9tapes suivantes en validant apr\u00e8s chacune :<\/p>\n\n\n\n<ul class=\"wp-block-list\">\n<li>V\u00e9rifiez les droits d\u2019acc\u00e8s de l\u2019utilisateur actif (s\u2019agit-il bien d\u2019un administrateur ?).<\/li>\n\n\n\n<li>Videz le cache.<\/li>\n\n\n\n<li>Connectez-vous avec un autre navigateur.<\/li>\n\n\n\n<li>D\u00e9sinstallez toutes les extensions et r\u00e9activez-les une par une en testant \u00e0 chaque fois.<\/li>\n\n\n\n<li>Changez de th\u00e8me.Si, apr\u00e8s ces validations, vous pensez que notre extension est la cause, contactez-nous en nous expliquant les d\u00e9tails du probl\u00e8me : nous ferons tout notre possible pour le r\u00e9soudre dans les plus brefs d\u00e9lais.Pour les versions payantes, vous b\u00e9n\u00e9ficiez d\u2019une garantie satisfait ou rembours\u00e9 \u00e0 100\u202f% pendant les 30 premiers jours suivant l\u2019achat. Aucune justification n\u2019est requise : si vous n\u2019\u00eates pas satisfait, vous serez int\u00e9gralement rembours\u00e9.\u00a0<\/li>\n<\/ul>\n\n\n\n<p>Droit l\u00e9gitime&nbsp;<\/p>\n\n\n\n<p>Toute entreprise, m\u00eame solide, peut \u00e9voluer et conna\u00eetre un changement de propri\u00e9taire au cours de son histoire. Si une telle situation devait se pr\u00e9senter, et que vous avez un projet en cours avec nous, pour tout changement de quelque nature que ce soit; vous recevrez une notification 30 jours \u00e0 l\u2019avance, sauf en cas de force majeure (par exemple, une catastrophe naturelle impr\u00e9visible ou une interruption prolong\u00e9e des r\u00e9seaux essentiels). Dans tous les cas, on va faire de notre mieux pour que vous puissiez poursuivre vos activit\u00e9s en toute tranquillit\u00e9, avec les m\u00eames avantages et le m\u00eame accompagnement.<\/p>\n\n\n\n<p>Votre acceptation de ces conditions<\/p>\n\n\n\n<p>En utilisant ce site, vous signifiez votre acceptation de ces conditions \u2018utilisation, politiques de s\u00e9curit\u00e9&nbsp;et avis de non-responsabilit\u00e9. Si vous n\u2019acceptez pas ces politiques, veuillez ne pas utiliser notre site.&nbsp;<\/p>\n\n\n\n<p>29 Septembre 2025<\/p>\n","protected":false},"excerpt":{"rendered":"<p>Conditions d\u2019utilisation Nous utilisons le masculin comme g\u00e9n\u00e9rique afin de faciliter la lecture. Nous veillons au respect des droits \u00e0 la vie priv\u00e9e et \u00e0 la s\u00e9curit\u00e9 de nos clients. Vous ne pouvez pas utiliser ce site \u00e0 des propos ill\u00e9gaux. Toute action susceptible de porter atteinte \u00e0 la r\u00e9putation de ce site, de ses [&hellip;]<\/p>\n","protected":false},"author":1,"featured_media":0,"parent":0,"menu_order":0,"comment_status":"closed","ping_status":"closed","template":"","meta":{"footnotes":""},"class_list":["post-18","page","type-page","status-publish","hentry"],"blocksy_meta":[],"_links":{"self":[{"href":"https:\/\/boutiquesqc.ca\/dev-ia\/wp-json\/wp\/v2\/pages\/18","targetHints":{"allow":["GET"]}}],"collection":[{"href":"https:\/\/boutiquesqc.ca\/dev-ia\/wp-json\/wp\/v2\/pages"}],"about":[{"href":"https:\/\/boutiquesqc.ca\/dev-ia\/wp-json\/wp\/v2\/types\/page"}],"author":[{"embeddable":true,"href":"https:\/\/boutiquesqc.ca\/dev-ia\/wp-json\/wp\/v2\/users\/1"}],"replies":[{"embeddable":true,"href":"https:\/\/boutiquesqc.ca\/dev-ia\/wp-json\/wp\/v2\/comments?post=18"}],"version-history":[{"count":0,"href":"https:\/\/boutiquesqc.ca\/dev-ia\/wp-json\/wp\/v2\/pages\/18\/revisions"}],"wp:attachment":[{"href":"https:\/\/boutiquesqc.ca\/dev-ia\/wp-json\/wp\/v2\/media?parent=18"}],"curies":[{"name":"wp","href":"https:\/\/api.w.org\/{rel}","templated":true}]}}