{"id":22,"date":"2026-03-10T04:55:16","date_gmt":"2026-03-10T03:55:16","guid":{"rendered":"https:\/\/boutiquesqc.ca\/dev-ia\/?page_id=22"},"modified":"2026-03-12T10:40:58","modified_gmt":"2026-03-12T14:40:58","slug":"a-propos","status":"publish","type":"page","link":"https:\/\/boutiquesqc.ca\/dev-ia\/a-propos\/","title":{"rendered":"\u00c0 PROPOS"},"content":{"rendered":"\n<div class=\"wp-block-columns dvia-apropos-col-1 is-layout-flex wp-container-core-columns-is-layout-28f84493 wp-block-columns-is-layout-flex\">\n<div class=\"wp-block-column is-layout-flow wp-block-column-is-layout-flow\">\n<p class=\"has-text-align-center has-luminous-vivid-orange-color has-text-color has-link-color wp-elements-71cf35b90e500fb819446298578eca85\" style=\"margin-top:166px;margin-bottom:9px;font-size:clamp(14px, 0.875rem + ((1vw - 3.2px) * 0.469), 20px);\"><strong>On est l\u00e0 pour vous aider<\/strong><\/p>\n\n\n\n<p class=\"has-text-align-center has-white-color has-text-color has-link-color wp-elements-ff9b0eb850a24a3ef518b20d53772786\" style=\"margin-top:0px;margin-bottom:10px;font-size:clamp(20px, 1.25rem + ((1vw - 3.2px) * 0.938), 32px);\"><strong>Conception de webmaster<\/strong><\/p>\n\n\n\n<p class=\"has-text-align-center has-text-color has-link-color wp-elements-3f62d6462472cdd882a103371d3c9c77\" style=\"color:#29d0f2;font-size:clamp(14px, 0.875rem + ((1vw - 3.2px) * 0.469), 20px);\"><strong>La mission principale: Aider les petits entrepreneurs pour accro\u00eetre leurs champs d\u2019action<\/strong><\/p>\n\n\n\n<div class=\"wp-block-buttons has-border-color is-content-justification-center is-layout-flex wp-container-core-buttons-is-layout-a89b3969 wp-block-buttons-is-layout-flex\" style=\"border-color:#cf2d2d00\">\n<div class=\"wp-block-button dvia-apropos-btn\"><a class=\"wp-block-button__link has-text-color has-background has-link-color has-text-align-center wp-element-button\" href=\"https:\/\/boutiquesqc.ca\/dev-ia\/contact\/\" style=\"border-top-left-radius:8px;border-top-right-radius:8px;border-bottom-left-radius:8px;border-bottom-right-radius:8px;border-top-style:none;border-top-width:0px;border-right-color:var(--wp--preset--color--luminous-vivid-orange);border-right-width:1px;border-bottom-color:var(--wp--preset--color--luminous-vivid-orange);border-bottom-width:1px;border-left-color:var(--wp--preset--color--luminous-vivid-orange);border-left-width:1px;color:#ffe18f;background-color:#d00808\"><strong>C<\/strong>ONTACTE<strong style=\"display: inline !important;\">R<\/strong><strong style=\"display: inline !important;\"><\/strong><\/a><\/div>\n<\/div>\n<\/div>\n<\/div>\n\n\n\n<div class=\"wp-block-columns is-layout-flex wp-container-core-columns-is-layout-28f84493 wp-block-columns-is-layout-flex\">\n<div class=\"wp-block-column is-layout-flow wp-block-column-is-layout-flow\">\n<section>\n  <div class=\"skewed\"><\/div>\n<\/section>\n<\/div>\n<\/div>\n\n\n\n<div class=\"wp-block-columns dvia-apropos-col-2 is-layout-flex wp-container-core-columns-is-layout-28f84493 wp-block-columns-is-layout-flex\">\n<div class=\"wp-block-column is-layout-flow wp-block-column-is-layout-flow\">\n<section class=\"dvia-values-container\">    \n   <div class=\"dvia-values\">\n    <div class=\"dvia-values-1 dvia-values-half\">\n        <p class=\"dvia-values-title-1 dvia-values-title\">NOS VALEURS <\/p>\n        <ul>\n            <li><span><\/span>Honn\u00eatet\u00e9<\/li>\n            <li><span><\/span>Respect<\/li>\n            <li><span><\/span>Empathie<\/li>\n            <li><span><\/span>Gratitude<\/li>\n            <li><span><\/span>Rigueur<\/li>\n            <li><span><\/span>Rigueur<\/li>\n            <li><span><\/span>Transparence<\/li>\n           \n        <\/ul>\n    <\/div>\n    <div class=\"dvia-values-2 dvia-values-half\">\n        <p class=\"dvia-values-title-2 dvia-values-title\">NOS COMP\u00c9TENCES<\/p>\n         <ul>\n            <li><span><\/span>March\u00e9 num\u00e9rique<\/li>\n            <li><span><\/span>Conception de sites Internet<\/li>\n            <li><span><\/span>Programmation Web<\/li>\n            <li><span><\/span>Montage vid\u00e9o mark\u00e9ting<\/li>\n            <li><span><\/span>Montage vid\u00e9o mark\u00e9ting<\/li>\n            <li><span><\/span>Cr\u00e9ation de logo<\/li>           \n            <li><span><\/span>\u00c9dition d\u2019images<\/li>           \n        <\/ul>\n    <\/div>\n   <\/div>     \n    <\/section>\n<\/div>\n<\/div>\n\n\n\n<div class=\"wp-block-columns is-layout-flex wp-container-core-columns-is-layout-28f84493 wp-block-columns-is-layout-flex\" style=\"border-style:none;border-width:0px;border-top-left-radius:0px;border-top-right-radius:0px;border-bottom-left-radius:0px;border-bottom-right-radius:0px\">\n<div class=\"wp-block-column is-layout-flow wp-block-column-is-layout-flow\">\n<div class=\"wp-block-cover dvia-offre\" style=\"min-height:730px;aspect-ratio:unset;\"><img decoding=\"async\" width=\"1024\" height=\"462\" class=\"wp-block-cover__image-background wp-image-531\" alt=\"Page background\" src=\"https:\/\/boutiquesqc.ca\/dev-ia\/wp-content\/uploads\/sites\/3\/2026\/03\/financial-technology-1-1024x462.png\" data-object-fit=\"cover\" srcset=\"https:\/\/boutiquesqc.ca\/dev-ia\/wp-content\/uploads\/sites\/3\/2026\/03\/financial-technology-1-1024x462.png 1024w, https:\/\/boutiquesqc.ca\/dev-ia\/wp-content\/uploads\/sites\/3\/2026\/03\/financial-technology-1-300x135.png 300w, https:\/\/boutiquesqc.ca\/dev-ia\/wp-content\/uploads\/sites\/3\/2026\/03\/financial-technology-1-768x347.png 768w, https:\/\/boutiquesqc.ca\/dev-ia\/wp-content\/uploads\/sites\/3\/2026\/03\/financial-technology-1-1536x693.png 1536w, https:\/\/boutiquesqc.ca\/dev-ia\/wp-content\/uploads\/sites\/3\/2026\/03\/financial-technology-1.png 1600w\" sizes=\"(max-width: 1024px) 100vw, 1024px\" \/><span aria-hidden=\"true\" class=\"wp-block-cover__background has-background-dim\"><\/span><div class=\"wp-block-cover__inner-container is-layout-constrained wp-block-cover-is-layout-constrained\">\n<p class=\"has-text-align-left has-text-color\" style=\"color:#fc8a00;margin-top:3px;margin-right:10px;margin-bottom:3px;margin-left:10px;font-size:clamp(27.894px, 1.743rem + ((1vw - 3.2px) * 1.571), 48px);\"><strong>Notre mission<\/strong><\/p>\n\n\n\n<p class=\"has-text-align-center has-palette-color-5-color has-text-color has-link-color wp-elements-2527b7872747a1412b288519d7b78c01\" style=\"font-size:clamp(16.834px, 1.052rem + ((1vw - 3.2px) * 0.716), 26px);\"><br><strong>Aider les petits entrepreneurs \u00e0 se d\u00e9velopper gr\u00e2ce \u00e0 la technologie<\/strong><\/p>\n\n\n\n<p class=\"has-palette-color-5-color has-text-color has-link-color wp-elements-4808229c23955e4a942823a95913ea67\" style=\"font-size:clamp(14px, 0.875rem + ((1vw - 3.2px) * 0.313), 18px);\"><br>Nous sommes des sp\u00e9cialistes des outils technologiques num\u00e9riques de pointe et nos exp\u00e9riences professionnelles nous permettent de vous mettre en premi\u00e8re ligne pour l\u2019exposition de vos produits ou services. Venez nous voir et dites-nous comment nous pouvons vous aider.<\/p>\n\n\n\n<div class=\"wp-block-columns has-border-color has-luminous-vivid-orange-border-color is-layout-flex wp-container-core-columns-is-layout-89a90c05 wp-block-columns-is-layout-flex\" style=\"border-width:1px;border-top-left-radius:23px;border-top-right-radius:23px;border-bottom-left-radius:23px;border-bottom-right-radius:23px;padding-top:8px;padding-right:10px;padding-bottom:8px;padding-left:10px\">\n<div class=\"wp-block-column is-layout-flow wp-block-column-is-layout-flow\">\n<p class=\"has-palette-color-5-color has-text-color has-link-color wp-elements-3a949a59457c593cb9599dfdad59916e\" style=\"margin-top:44px;margin-bottom:14px;font-size:clamp(25.984px, 1.624rem + ((1vw - 3.2px) * 1.408), 44px);\"><strong>On t\u2019offre&nbsp;:<\/strong><\/p>\n\n\n\n<p class=\"has-palette-color-5-color has-text-color has-link-color wp-elements-9de679fcf7e93a359c70d259efc01297\" style=\"font-size:clamp(14px, 0.875rem + ((1vw - 3.2px) * 0.313), 18px);\">En tant que travailleurs ind\u00e9pendants, on parle le m\u00eame langage. Nous sommes des personnes empathiques et cherchons la meilleure fa\u00e7on de te supporter.&nbsp; &nbsp;Fais comme chez toi. Voici ce que nous avons pour toi.<\/p>\n<\/div>\n\n\n\n<div class=\"wp-block-column is-layout-flow wp-block-column-is-layout-flow\">\n<p class=\"has-palette-color-5-color has-text-color has-link-color wp-elements-fc2dbd3843bad0b67d156aa0eeb95717\" style=\"font-size:clamp(14px, 0.875rem + ((1vw - 3.2px) * 0.313), 18px);\">Prix le plus abordable du march\u00e9. Viens le confirmer toi-m\u00eame.<\/p>\n\n\n\n<p class=\"has-palette-color-5-color has-text-color has-link-color wp-elements-aa3061c59a3bbd9b5a456f08141cef4c\" style=\"font-size:clamp(14px, 0.875rem + ((1vw - 3.2px) * 0.313), 18px);\">Travail de haute qualit\u00e9. Des pages web l\u00e9g\u00e8res qui chargent tr\u00e8s rapidement.<\/p>\n\n\n\n<p class=\"has-palette-color-5-color has-text-color has-link-color wp-elements-94c4c8152ce755b8b06a3d0cf4e9e82a\" style=\"font-size:clamp(14px, 0.875rem + ((1vw - 3.2px) * 0.313), 18px);\">Des courtes et amusants vid\u00e9os marketing qui attirent l\u2019attention des clients.<\/p>\n\n\n\n<p class=\"has-palette-color-5-color has-text-color has-link-color wp-elements-7d9f98405043e532397ed7fc6068da2b\" style=\"font-size:clamp(14px, 0.875rem + ((1vw - 3.2px) * 0.313), 18px);\">On peut livrer ta vid\u00e9o dans les prochaines 48 heures.<\/p>\n<\/div>\n<\/div>\n\n\n\n<div class=\"wp-block-buttons is-content-justification-center is-layout-flex wp-container-core-buttons-is-layout-c95ffe36 wp-block-buttons-is-layout-flex\" style=\"margin-top:90px;margin-bottom:90px\">\n<div class=\"wp-block-button dvia-apropos-btn\"><a class=\"wp-block-button__link has-text-color has-background has-link-color has-text-align-center wp-element-button\" href=\"https:\/\/boutiquesqc.ca\/dev-ia\/contact\/\" style=\"border-top-left-radius:8px;border-top-right-radius:8px;border-bottom-left-radius:8px;border-bottom-right-radius:8px;border-top-style:none;border-top-width:0px;border-right-color:var(--wp--preset--color--luminous-vivid-orange);border-right-width:1px;border-bottom-color:var(--wp--preset--color--luminous-vivid-orange);border-bottom-width:1px;border-left-color:var(--wp--preset--color--luminous-vivid-orange);border-left-width:1px;color:#ffe18f;background-color:#d00808\"><strong>EN SAVOIR PLUS<\/strong><\/a><\/div>\n<\/div>\n<\/div><\/div>\n<\/div>\n<\/div>\n","protected":false},"excerpt":{"rendered":"<p>On est l\u00e0 pour vous aider Conception de webmaster La mission principale: Aider les petits entrepreneurs pour accro\u00eetre leurs champs d\u2019action NOS VALEURS Honn\u00eatet\u00e9 Respect Empathie Gratitude Rigueur Rigueur Transparence NOS COMP\u00c9TENCES March\u00e9 num\u00e9rique Conception de sites Internet Programmation Web Montage vid\u00e9o mark\u00e9ting Montage vid\u00e9o mark\u00e9ting Cr\u00e9ation de logo \u00c9dition d\u2019images<\/p>\n","protected":false},"author":1,"featured_media":0,"parent":0,"menu_order":0,"comment_status":"closed","ping_status":"closed","template":"","meta":{"footnotes":""},"class_list":["post-22","page","type-page","status-publish","hentry"],"blocksy_meta":[],"_links":{"self":[{"href":"https:\/\/boutiquesqc.ca\/dev-ia\/wp-json\/wp\/v2\/pages\/22","targetHints":{"allow":["GET"]}}],"collection":[{"href":"https:\/\/boutiquesqc.ca\/dev-ia\/wp-json\/wp\/v2\/pages"}],"about":[{"href":"https:\/\/boutiquesqc.ca\/dev-ia\/wp-json\/wp\/v2\/types\/page"}],"author":[{"embeddable":true,"href":"https:\/\/boutiquesqc.ca\/dev-ia\/wp-json\/wp\/v2\/users\/1"}],"replies":[{"embeddable":true,"href":"https:\/\/boutiquesqc.ca\/dev-ia\/wp-json\/wp\/v2\/comments?post=22"}],"version-history":[{"count":0,"href":"https:\/\/boutiquesqc.ca\/dev-ia\/wp-json\/wp\/v2\/pages\/22\/revisions"}],"wp:attachment":[{"href":"https:\/\/boutiquesqc.ca\/dev-ia\/wp-json\/wp\/v2\/media?parent=22"}],"curies":[{"name":"wp","href":"https:\/\/api.w.org\/{rel}","templated":true}]}}