{"id":248,"date":"2026-03-11T12:45:28","date_gmt":"2026-03-11T16:45:28","guid":{"rendered":"https:\/\/boutiquesqc.ca\/dev-ia\/?page_id=248"},"modified":"2026-03-11T12:47:22","modified_gmt":"2026-03-11T16:47:22","slug":"avis","status":"publish","type":"page","link":"https:\/\/boutiquesqc.ca\/dev-ia\/avis\/","title":{"rendered":"AVIS"},"content":{"rendered":"\n<p>AVIS DE NON-RESPONSABILIT\u00c9<\/p>\n\n\n\n<p>Les informations contenues dans ce site Web sont bas\u00e9es sur des sources et des informations raisonnablement jug\u00e9es exactes au moment de leur enregistrement ou de leur cr\u00e9ation. Cependant, ce mat\u00e9riel traite de sujets qui \u00e9voluent constamment et sont soumis \u00e0 des changements continus li\u00e9s \u00e0 la technologie et au march\u00e9, ainsi qu\u2019\u00e0 des questions juridiques et de conformit\u00e9 associ\u00e9es. Par cons\u00e9quent, l\u2019exhaustivit\u00e9 et l\u2019exactitude actuelle des documents ne peuvent pas \u00eatre garanties. Ces documents ne constituent pas des conseils juridiques, de conformit\u00e9, financiers, fiscaux, comptables ou connexes.<\/p>\n\n\n\n<p>L\u2019utilisateur final de ces informations devrait donc utiliser le contenu de ce site et des documents comme ligne directrice g\u00e9n\u00e9rale et non comme source ultime d\u2019informations actuelles, et lorsque cela est appropri\u00e9, l\u2019utilisateur devrait consulter ses propres conseillers juridiques, comptables ou autres.<\/p>\n\n\n\n<p>Toute \u00e9tude de cas, exemple, illustration ne peut garantir que l\u2019utilisateur obtiendra des r\u00e9sultats similaires. En fait, vos r\u00e9sultats peuvent varier consid\u00e9rablement, et des facteurs tels que votre march\u00e9, vos efforts personnels et de nombreuses autres circonstances peuvent et vont entra\u00eener des variations de r\u00e9sultats.<\/p>\n\n\n\n<p>Les informations fournies dans ce produit sont vendues \u00ab telles quelles \u00bb sans aucune GARANTIE D\u2019AUGMENTATION DE REVENU. Ces r\u00e9sultats sont de votre responsabilit\u00e9 en tant qu\u2019utilisateur final du produit. Le vendeur ne sera pas responsable envers l\u2019utilisateur ou toute autre partie pour tout dommage ou co\u00fbt, de quelque nature que ce soit, y compris, mais sans s\u2019y limiter, les dommages indirects, cons\u00e9cutifs, sp\u00e9ciaux, accessoires ou autres co\u00fbts ou dommages.<\/p>\n\n\n\n<p>17 mars 2024<\/p>\n","protected":false},"excerpt":{"rendered":"<p>AVIS DE NON-RESPONSABILIT\u00c9 Les informations contenues dans ce site Web sont bas\u00e9es sur des sources et des informations raisonnablement jug\u00e9es exactes au moment de leur enregistrement ou de leur cr\u00e9ation. Cependant, ce mat\u00e9riel traite de sujets qui \u00e9voluent constamment et sont soumis \u00e0 des changements continus li\u00e9s \u00e0 la technologie et au march\u00e9, ainsi qu\u2019\u00e0 [&hellip;]<\/p>\n","protected":false},"author":1,"featured_media":0,"parent":0,"menu_order":0,"comment_status":"closed","ping_status":"closed","template":"","meta":{"footnotes":""},"class_list":["post-248","page","type-page","status-publish","hentry"],"blocksy_meta":[],"_links":{"self":[{"href":"https:\/\/boutiquesqc.ca\/dev-ia\/wp-json\/wp\/v2\/pages\/248","targetHints":{"allow":["GET"]}}],"collection":[{"href":"https:\/\/boutiquesqc.ca\/dev-ia\/wp-json\/wp\/v2\/pages"}],"about":[{"href":"https:\/\/boutiquesqc.ca\/dev-ia\/wp-json\/wp\/v2\/types\/page"}],"author":[{"embeddable":true,"href":"https:\/\/boutiquesqc.ca\/dev-ia\/wp-json\/wp\/v2\/users\/1"}],"replies":[{"embeddable":true,"href":"https:\/\/boutiquesqc.ca\/dev-ia\/wp-json\/wp\/v2\/comments?post=248"}],"version-history":[{"count":0,"href":"https:\/\/boutiquesqc.ca\/dev-ia\/wp-json\/wp\/v2\/pages\/248\/revisions"}],"wp:attachment":[{"href":"https:\/\/boutiquesqc.ca\/dev-ia\/wp-json\/wp\/v2\/media?parent=248"}],"curies":[{"name":"wp","href":"https:\/\/api.w.org\/{rel}","templated":true}]}}