{"id":9,"date":"2026-03-10T04:51:53","date_gmt":"2026-03-10T03:51:53","guid":{"rendered":"https:\/\/boutiquesqc.ca\/dev-ia\/?page_id=9"},"modified":"2026-04-12T15:33:12","modified_gmt":"2026-04-12T19:33:12","slug":"contact","status":"publish","type":"page","link":"https:\/\/boutiquesqc.ca\/dev-ia\/contact\/","title":{"rendered":"CONTACT"},"content":{"rendered":"\n<div class=\"wp-block-columns is-layout-flex wp-container-core-columns-is-layout-28f84493 wp-block-columns-is-layout-flex\">\n<div class=\"wp-block-column is-layout-flow wp-block-column-is-layout-flow\">\n<p class=\"has-text-align-center has-text-color has-link-color wp-elements-d057427d768648366f22aecf0272a009\" style=\"color:#fabc00;font-size:clamp(17.371px, 1.086rem + ((1vw - 3.2px) * 0.752), 27px);\">On s\u2019occupe de tout<\/p>\n\n\n\n<div class=\"wp-block-columns is-layout-flex wp-container-core-columns-is-layout-28f84493 wp-block-columns-is-layout-flex\">\n<div class=\"wp-block-column is-vertically-aligned-center is-layout-flow wp-block-column-is-layout-flow\">\n<p class=\"has-text-align-center has-text-color has-link-color wp-elements-ccaca8c5e35fde63f42ce5e970ae45d0\" style=\"color:#ffbb01;margin-top:6px;margin-right:6px;margin-bottom:6px;margin-left:6px;font-size:clamp(14.082px, 0.88rem + ((1vw - 3.2px) * 0.54), 21px);\">\u00c9crivez-nous<\/p>\n\n\n\n<ul class=\"wp-block-social-links aligncenter is-content-justification-center is-layout-flex wp-container-core-social-links-is-layout-ee95bdda wp-block-social-links-is-layout-flex\" style=\"margin-top:0px;margin-right:6px;margin-bottom:15px;margin-left:6px\"><li class=\"wp-social-link wp-social-link-mail  wp-block-social-link\"><a href=\"mailto:s&#101;&#114;&#118;i&#099;&#101;&#064;&#100;&#101;v&#045;i&#097;.&#099;&#111;&#109;\" class=\"wp-block-social-link-anchor\"><svg width=\"24\" height=\"24\" viewBox=\"0 0 24 24\" version=\"1.1\" xmlns=\"http:\/\/www.w3.org\/2000\/svg\" aria-hidden=\"true\" focusable=\"false\"><path d=\"M19,5H5c-1.1,0-2,.9-2,2v10c0,1.1.9,2,2,2h14c1.1,0,2-.9,2-2V7c0-1.1-.9-2-2-2zm.5,12c0,.3-.2.5-.5.5H5c-.3,0-.5-.2-.5-.5V9.8l7.5,5.6,7.5-5.6V17zm0-9.1L12,13.6,4.5,7.9V7c0-.3.2-.5.5-.5h14c.3,0,.5.2.5.5v.9z\"><\/path><\/svg><span class=\"wp-block-social-link-label screen-reader-text\">E-mail<\/span><\/a><\/li><\/ul>\n<\/div>\n\n\n\n<div class=\"wp-block-column is-layout-flow wp-block-column-is-layout-flow\">\n<figure class=\"wp-block-image aligncenter size-full is-resized\"><img decoding=\"async\" width=\"400\" height=\"400\" src=\"https:\/\/boutiquesqc.ca\/dev-ia\/wp-content\/uploads\/sites\/3\/2026\/03\/creation-web-saint-hyacinthe.png\" alt=\"creation-web-saint-hyacinthe\" class=\"wp-image-238\" style=\"width:204px;height:auto\" srcset=\"https:\/\/boutiquesqc.ca\/dev-ia\/wp-content\/uploads\/sites\/3\/2026\/03\/creation-web-saint-hyacinthe.png 400w, https:\/\/boutiquesqc.ca\/dev-ia\/wp-content\/uploads\/sites\/3\/2026\/03\/creation-web-saint-hyacinthe-300x300.png 300w, https:\/\/boutiquesqc.ca\/dev-ia\/wp-content\/uploads\/sites\/3\/2026\/03\/creation-web-saint-hyacinthe-150x150.png 150w\" sizes=\"(max-width: 400px) 100vw, 400px\" \/><\/figure>\n<\/div>\n<\/div>\n<\/div>\n<\/div>\n\n\n\n<p class=\"has-text-align-center has-text-color has-link-color wp-elements-5aee53209e49aff5058c814268c35500\" style=\"color:#fabc00;margin-top:20px;margin-bottom:6px;margin-left:6px;font-size:clamp(14px, 0.875rem + ((1vw - 3.2px) * 0.313), 18px);\">N\u2019h\u00e9sitez pas \u00e0 citer votre projet.<\/p>\n\n\n\n<p class=\"has-text-align-center has-text-color has-link-color wp-elements-211c0bddd2a732132f67ff2e6e8a6ec7\" style=\"color:#fabc00;margin-top:0px;margin-right:6px;margin-bottom:20px;margin-left:6px;font-size:clamp(14px, 0.875rem + ((1vw - 3.2px) * 0.313), 18px);\">Un accord \u00e9quitable peut na\u00eetre d\u2019une simple conversation.<\/p>\n","protected":false},"excerpt":{"rendered":"<p>On s\u2019occupe de tout \u00c9crivez-nous N\u2019h\u00e9sitez pas \u00e0 citer votre projet. Un accord \u00e9quitable peut na\u00eetre d\u2019une simple conversation.<\/p>\n","protected":false},"author":1,"featured_media":0,"parent":0,"menu_order":0,"comment_status":"closed","ping_status":"closed","template":"","meta":{"footnotes":""},"class_list":["post-9","page","type-page","status-publish","hentry"],"blocksy_meta":[],"_links":{"self":[{"href":"https:\/\/boutiquesqc.ca\/dev-ia\/wp-json\/wp\/v2\/pages\/9","targetHints":{"allow":["GET"]}}],"collection":[{"href":"https:\/\/boutiquesqc.ca\/dev-ia\/wp-json\/wp\/v2\/pages"}],"about":[{"href":"https:\/\/boutiquesqc.ca\/dev-ia\/wp-json\/wp\/v2\/types\/page"}],"author":[{"embeddable":true,"href":"https:\/\/boutiquesqc.ca\/dev-ia\/wp-json\/wp\/v2\/users\/1"}],"replies":[{"embeddable":true,"href":"https:\/\/boutiquesqc.ca\/dev-ia\/wp-json\/wp\/v2\/comments?post=9"}],"version-history":[{"count":1,"href":"https:\/\/boutiquesqc.ca\/dev-ia\/wp-json\/wp\/v2\/pages\/9\/revisions"}],"predecessor-version":[{"id":826,"href":"https:\/\/boutiquesqc.ca\/dev-ia\/wp-json\/wp\/v2\/pages\/9\/revisions\/826"}],"wp:attachment":[{"href":"https:\/\/boutiquesqc.ca\/dev-ia\/wp-json\/wp\/v2\/media?parent=9"}],"curies":[{"name":"wp","href":"https:\/\/api.w.org\/{rel}","templated":true}]}}