{"id":22,"date":"2026-03-10T02:39:22","date_gmt":"2026-03-10T01:39:22","guid":{"rendered":"https:\/\/boutiquesqc.ca\/yerimaayo\/?page_id=22"},"modified":"2026-03-23T03:00:19","modified_gmt":"2026-03-23T07:00:19","slug":"accueil","status":"publish","type":"page","link":"https:\/\/boutiquesqc.ca\/yerimaayo\/","title":{"rendered":"ACCUEIL"},"content":{"rendered":"\n<figure class=\"wp-block-image aligncenter size-large\" style=\"margin-top:0px\"><img loading=\"lazy\" decoding=\"async\" width=\"1024\" height=\"273\" src=\"https:\/\/boutiquesqc.ca\/yerimaayo\/wp-content\/uploads\/sites\/2\/2026\/03\/2-livraison-gratuite-yeri-maayo-1024x273.png\" alt=\"livraison-gratuite-yeri-maayo\" class=\"wp-image-35\" srcset=\"https:\/\/boutiquesqc.ca\/yerimaayo\/wp-content\/uploads\/sites\/2\/2026\/03\/2-livraison-gratuite-yeri-maayo-1024x273.png 1024w, https:\/\/boutiquesqc.ca\/yerimaayo\/wp-content\/uploads\/sites\/2\/2026\/03\/2-livraison-gratuite-yeri-maayo-300x80.png 300w, https:\/\/boutiquesqc.ca\/yerimaayo\/wp-content\/uploads\/sites\/2\/2026\/03\/2-livraison-gratuite-yeri-maayo-768x205.png 768w, https:\/\/boutiquesqc.ca\/yerimaayo\/wp-content\/uploads\/sites\/2\/2026\/03\/2-livraison-gratuite-yeri-maayo.png 1500w\" sizes=\"auto, (max-width: 1024px) 100vw, 1024px\" \/><\/figure>\n\n\n\n<p class=\"has-pale-pink-color has-text-color has-link-color wp-elements-3f7373f6cbcd450ddd843074b744f45e\" style=\"margin-top:0;padding-top:47px\"><strong>Notre site fait actuellement l&rsquo;objet d&rsquo;importantes mises \u00e0 jour. Si vous avez besoin de quoi que ce soit, n&rsquo;h\u00e9sitez pas \u00e0 nous contacter&nbsp;; nous serons ravis de vous aider.<\/strong><\/p>\n\n\n\n<p><a href=\"https:\/\/boutiquesqc.ca\/yerimaayo\/contact\/\" data-type=\"page\" data-id=\"19\" target=\"_blank\" rel=\"noreferrer noopener\">CONTACTER MAINTENANT<\/a><\/p>\n\n\n\n<div class=\"wp-block-columns yeri-home-col-1 is-layout-flex wp-container-core-columns-is-layout-615dde13 wp-block-columns-is-layout-flex\" style=\"padding-top:30px;padding-right:10px;padding-bottom:30px;padding-left:10px\">\n<div class=\"wp-block-column is-layout-flow wp-block-column-is-layout-flow\">\n<div class=\"wp-block-columns yeri-col-home-1-2 has-black-background-color has-background is-layout-flex wp-container-core-columns-is-layout-28f84493 wp-block-columns-is-layout-flex\">\n<div class=\"wp-block-column is-layout-flow wp-block-column-is-layout-flow\">\n<figure class=\"wp-block-image aligncenter size-full is-resized\"><img loading=\"lazy\" decoding=\"async\" width=\"600\" height=\"600\" src=\"https:\/\/boutiquesqc.ca\/yerimaayo\/wp-content\/uploads\/sites\/2\/2026\/03\/poisson-frais-5.jpg\" alt=\"\" class=\"wp-image-111\" style=\"width:225px;height:auto\" srcset=\"https:\/\/boutiquesqc.ca\/yerimaayo\/wp-content\/uploads\/sites\/2\/2026\/03\/poisson-frais-5.jpg 600w, https:\/\/boutiquesqc.ca\/yerimaayo\/wp-content\/uploads\/sites\/2\/2026\/03\/poisson-frais-5-300x300.jpg 300w, https:\/\/boutiquesqc.ca\/yerimaayo\/wp-content\/uploads\/sites\/2\/2026\/03\/poisson-frais-5-150x150.jpg 150w\" sizes=\"auto, (max-width: 600px) 100vw, 600px\" \/><\/figure>\n<\/div>\n\n\n\n<div class=\"wp-block-column is-layout-flow wp-block-column-is-layout-flow\">\n<figure class=\"wp-block-image aligncenter size-full is-resized\"><img loading=\"lazy\" decoding=\"async\" width=\"600\" height=\"600\" src=\"https:\/\/boutiquesqc.ca\/yerimaayo\/wp-content\/uploads\/sites\/2\/2026\/03\/poisson-fume.jpg\" alt=\"\" class=\"wp-image-93\" style=\"width:225px\" srcset=\"https:\/\/boutiquesqc.ca\/yerimaayo\/wp-content\/uploads\/sites\/2\/2026\/03\/poisson-fume.jpg 600w, https:\/\/boutiquesqc.ca\/yerimaayo\/wp-content\/uploads\/sites\/2\/2026\/03\/poisson-fume-300x300.jpg 300w, https:\/\/boutiquesqc.ca\/yerimaayo\/wp-content\/uploads\/sites\/2\/2026\/03\/poisson-fume-150x150.jpg 150w\" sizes=\"auto, (max-width: 600px) 100vw, 600px\" \/><\/figure>\n<\/div>\n\n\n\n<div class=\"wp-block-column is-layout-flow wp-block-column-is-layout-flow\">\n<figure class=\"wp-block-image aligncenter size-full is-resized\"><img loading=\"lazy\" decoding=\"async\" width=\"600\" height=\"600\" src=\"https:\/\/boutiquesqc.ca\/yerimaayo\/wp-content\/uploads\/sites\/2\/2026\/03\/poisson-africain.jpg\" alt=\"\" class=\"wp-image-110\" style=\"aspect-ratio:1;object-fit:cover;width:225px\" srcset=\"https:\/\/boutiquesqc.ca\/yerimaayo\/wp-content\/uploads\/sites\/2\/2026\/03\/poisson-africain.jpg 600w, https:\/\/boutiquesqc.ca\/yerimaayo\/wp-content\/uploads\/sites\/2\/2026\/03\/poisson-africain-300x300.jpg 300w, https:\/\/boutiquesqc.ca\/yerimaayo\/wp-content\/uploads\/sites\/2\/2026\/03\/poisson-africain-150x150.jpg 150w\" sizes=\"auto, (max-width: 600px) 100vw, 600px\" \/><\/figure>\n<\/div>\n<\/div>\n\n\n\n<div class=\"wp-block-columns yeri-col-home-1-3 is-layout-flex wp-container-core-columns-is-layout-28f84493 wp-block-columns-is-layout-flex\">\n<div class=\"wp-block-column is-layout-flow wp-block-column-is-layout-flow\">\n<div class=\"wp-block-columns is-layout-flex wp-container-core-columns-is-layout-28f84493 wp-block-columns-is-layout-flex\">\n<div class=\"wp-block-column has-background is-layout-flow wp-block-column-is-layout-flow\" style=\"border-top-left-radius:15px;border-top-right-radius:15px;border-bottom-left-radius:15px;border-bottom-right-radius:15px;background-color:#18181957;padding-top:10px;padding-right:14px;padding-bottom:10px;padding-left:14px\">\n<p class=\"has-text-align-center has-white-color has-text-color has-link-color wp-elements-ec1a1015da287ac52a8090e24b36f945\" style=\"font-size:clamp(14px, 0.875rem + ((1vw - 3.2px) * 0.469), 20px);\"><strong>PRODUITS \u00c9CONOMIQUES<\/strong><\/p>\n\n\n\n<p class=\"has-text-align-left has-white-color has-black-background-color has-text-color has-background has-link-color wp-elements-7ca93746fcd57348ead9b9a4375613fd\" style=\"border-top-left-radius:15px;border-top-right-radius:15px;border-bottom-left-radius:15px;border-bottom-right-radius:15px;padding-top:10px;padding-right:8px;padding-bottom:10px;padding-left:8px\">Bienvenue \u00e0 notre march\u00e9 africain, o\u00f9 qualit\u00e9 et \u00e9conomies se rencontrent\u202f! Nous vous offrons une large gamme de produits essentiels \u00e0 des prix imbattables. Faites vos courses en toute confiance, en sachant que chaque produit est s\u00e9lectionn\u00e9 pour vous offrir le meilleur rapport qualit\u00e9-prix. Venez \u00e9conomiser sans compromis sur la qualit\u00e9\u202f!<\/p>\n<\/div>\n\n\n\n<div class=\"wp-block-column has-background is-layout-flow wp-block-column-is-layout-flow\" style=\"border-top-left-radius:15px;border-top-right-radius:15px;border-bottom-left-radius:15px;border-bottom-right-radius:15px;background-color:#18181957;padding-top:10px;padding-right:14px;padding-bottom:10px;padding-left:14px\">\n<p class=\"has-text-align-center has-white-color has-text-color has-link-color wp-elements-ece5d890acd52b05d7421500a53ab92d\" style=\"font-size:clamp(14px, 0.875rem + ((1vw - 3.2px) * 0.469), 20px);\"><strong>NOURRITURE FRA\u00ceCHE<\/strong><\/p>\n\n\n\n<p class=\"has-text-align-left has-text-color has-background\" style=\"border-top-left-radius:15px;border-top-right-radius:15px;border-bottom-left-radius:15px;border-bottom-right-radius:15px;color:#f1ff0a;background-color:#3372f9;padding-top:10px;padding-right:8px;padding-bottom:10px;padding-left:8px\">Chez nous, la fra\u00eecheur est toujours au rendez-vous ! Chaque jour, nous s\u00e9lectionnons pour vous les meilleurs poisons et produits frais, majoritairement issus d\u2019Afrique, provenant de sources fiables et contr\u00f4l\u00e9es. Offrez \u00e0 votre famille des repas sains et d\u00e9licieux, avec des ingr\u00e9dients qui ont du go\u00fbt et qui sont de bonne qualit\u00e9. Venez profiter de la fra\u00eecheur au quotidien !<\/p>\n<\/div>\n\n\n\n<div class=\"wp-block-column has-background is-layout-flow wp-block-column-is-layout-flow\" style=\"border-top-left-radius:15px;border-top-right-radius:15px;border-bottom-left-radius:15px;border-bottom-right-radius:15px;background-color:#18181957;padding-top:10px;padding-right:14px;padding-bottom:10px;padding-left:14px\">\n<p class=\"has-text-align-center has-white-color has-text-color has-link-color wp-elements-0d586d0ab5efed08e4cef869b613f45b\" style=\"font-size:clamp(14px, 0.875rem + ((1vw - 3.2px) * 0.469), 20px);\"><strong>GENTILLESSE<\/strong><\/p>\n\n\n\n<p class=\"has-text-align-left has-white-color has-black-background-color has-text-color has-background has-link-color wp-elements-69e93e934016f7d50c7e9391e3226289\" style=\"border-top-left-radius:15px;border-top-right-radius:15px;border-bottom-left-radius:15px;border-bottom-right-radius:15px;padding-top:10px;padding-right:8px;padding-bottom:10px;padding-left:8px\">Dans notre \u00e9picerie, chaque client est accueilli avec le sourire et servi avec gentillesse. Nous sommes \u00e0 votre \u00e9coute pour r\u00e9pondre \u00e0 vos besoins et vous offrir une exp\u00e9rience agr\u00e9able \u00e0 chaque visite. Profitez d\u2019un service attentionn\u00e9, o\u00f9 votre satisfaction est notre priorit\u00e9. Venez faire vos courses en toute s\u00e9r\u00e9nit\u00e9, avec un service toujours gentil et chaleureux\u2009!<\/p>\n<\/div>\n<\/div>\n<\/div>\n<\/div>\n<\/div>\n<\/div>\n","protected":false},"excerpt":{"rendered":"<p>Notre site fait actuellement l&rsquo;objet d&rsquo;importantes mises \u00e0 jour. Si vous avez besoin de quoi que ce soit, n&rsquo;h\u00e9sitez pas \u00e0 nous contacter&nbsp;; nous serons ravis de vous aider. CONTACTER MAINTENANT PRODUITS \u00c9CONOMIQUES Bienvenue \u00e0 notre march\u00e9 africain, o\u00f9 qualit\u00e9 et \u00e9conomies se rencontrent\u202f! Nous vous offrons une large gamme de produits essentiels \u00e0 des [&hellip;]<\/p>\n","protected":false},"author":1,"featured_media":0,"parent":0,"menu_order":0,"comment_status":"closed","ping_status":"closed","template":"","meta":{"footnotes":""},"class_list":["post-22","page","type-page","status-publish","hentry"],"blocksy_meta":[],"_links":{"self":[{"href":"https:\/\/boutiquesqc.ca\/yerimaayo\/wp-json\/wp\/v2\/pages\/22","targetHints":{"allow":["GET"]}}],"collection":[{"href":"https:\/\/boutiquesqc.ca\/yerimaayo\/wp-json\/wp\/v2\/pages"}],"about":[{"href":"https:\/\/boutiquesqc.ca\/yerimaayo\/wp-json\/wp\/v2\/types\/page"}],"author":[{"embeddable":true,"href":"https:\/\/boutiquesqc.ca\/yerimaayo\/wp-json\/wp\/v2\/users\/1"}],"replies":[{"embeddable":true,"href":"https:\/\/boutiquesqc.ca\/yerimaayo\/wp-json\/wp\/v2\/comments?post=22"}],"version-history":[{"count":0,"href":"https:\/\/boutiquesqc.ca\/yerimaayo\/wp-json\/wp\/v2\/pages\/22\/revisions"}],"wp:attachment":[{"href":"https:\/\/boutiquesqc.ca\/yerimaayo\/wp-json\/wp\/v2\/media?parent=22"}],"curies":[{"name":"wp","href":"https:\/\/api.w.org\/{rel}","templated":true}]}}